{"id":320,"date":"2025-01-21T16:56:54","date_gmt":"2025-01-21T15:56:54","guid":{"rendered":"https:\/\/icimonnaie.com\/?page_id=320"},"modified":"2025-01-21T17:26:47","modified_gmt":"2025-01-21T16:26:47","slug":"conditions-generales-de-vente","status":"publish","type":"page","link":"https:\/\/icimonnaie.com\/index.php\/conditions-generales-de-vente\/","title":{"rendered":"Conditions g\u00e9n\u00e9rales de vente"},"content":{"rendered":"\t\t<div data-elementor-type=\"wp-page\" data-elementor-id=\"320\" class=\"elementor elementor-320\">\n\t\t\t\t<div class=\"elementor-element elementor-element-526d2b7 e-flex e-con-boxed e-con e-parent\" data-id=\"526d2b7\" data-element_type=\"container\" data-e-type=\"container\">\n\t\t\t\t\t<div class=\"e-con-inner\">\n\t\t\t\t<div class=\"elementor-element elementor-element-0726bc8 elementor-widget elementor-widget-text-editor\" data-id=\"0726bc8\" data-element_type=\"widget\" data-e-type=\"widget\" data-widget_type=\"text-editor.default\">\n\t\t\t\t<div class=\"elementor-widget-container\">\n\t\t\t\t\t\t\t\t\t<p data-pm-slice=\"1 1 []\"><strong>Conditions G\u00e9n\u00e9rales de Vente (CGV)<\/strong><\/p>\n<p><strong>Pr\u00e9ambule<\/strong> Les pr\u00e9sentes conditions g\u00e9n\u00e9rales de vente (CGV) r\u00e9gissent les relations contractuelles entre :<\/p>\n<p><strong>Responsable du site :<\/strong>&nbsp;<\/p>\n<p>Fr\u00e9d\u00e9ric Da Silva<br>19 rue Vend\u00e9miaire<br>11800 Tr\u00e8bes<br>T\u00e9l\u00e9phone : 07 49 97 03 89<br>Email : <span style=\"color: #333333;\">sacramon@yahoo.fr<\/span><br>Num\u00e9ro SIRET : 531 419 208 00024<br>Num\u00e9ro de TVA intracommunautaire : FR0C531419208<\/p>\n<p><strong>Site internet :<\/strong> <a href=\"http:\/\/www.icimonnaie.com\">www.icimonnaie.com<\/a><\/p>\n<p>et toute personne effectuant un achat via le site internet ci-dessus, d\u00e9nomm\u00e9e ci-apr\u00e8s \u00ab le Client \u00bb.<\/p>\n<p><strong>Article 1 \u2013 Objet<\/strong> Les pr\u00e9sentes CGV ont pour objet de d\u00e9finir les droits et obligations des parties dans le cadre de la vente en ligne de produits propos\u00e9s par le site internet <a href=\"http:\/\/www.icimonnaie.com\">www.icimonnaie.com<\/a>.<\/p>\n<p><strong>Article 2 \u2013 Produits<\/strong> Les produits propos\u00e9s \u00e0 la vente sont pr\u00e9sent\u00e9s sur le site avec un descriptif d\u00e9taill\u00e9. Les photographies et textes descriptifs sont ceux des monnaies vendues. Les monnaies vendues sont authentiques. En cas d&rsquo;erreur dans les fiches descriptives merci de nous contacter (sacramon@yahoo.fr).<\/p>\n<p><strong>Article 3 \u2013 Prix<\/strong> Les prix des produits sont indiqu\u00e9s en euros, toutes taxes comprises (TTC), hors frais de livraison. Le site se r\u00e9serve le droit de modifier les prix \u00e0 tout moment, mais les produits seront factur\u00e9s sur la base des tarifs en vigueur au moment de la validation de la commande.<\/p>\n<p><strong>Article 4 \u2013 Commande<\/strong> Le Client passe commande directement sur le site internet. Toute commande vaut acceptation des prix et descriptions des produits disponibles \u00e0 la vente, ainsi que des pr\u00e9sentes CGV. Une confirmation de commande est envoy\u00e9e par email au Client.<\/p>\n<p><strong>Article 5 \u2013 Paiement<\/strong> Le paiement des commandes peut s&rsquo;effectuer par carte bancaire, virement bancaire ou tout autre moyen mentionn\u00e9 sur le site. Les transactions sont s\u00e9curis\u00e9es.<\/p>\n<p><strong>Article 6 \u2013 Livraison<\/strong> Les produits sont exp\u00e9di\u00e9s \u00e0 l&rsquo;adresse indiqu\u00e9e par le Client lors de la commande. Les d\u00e9lais de livraison varient en fonction de la destination et du transporteur. En cas de retard ou de perte du colis, le Client doit contacter le service client dans les plus brefs d\u00e9lais. Tous les envois sont post\u00e9s avec assurance ce qui rend possible un remboursement en cas de perte du courrier. En moyenne les livraison prennent 2 \u00e0 5 jours (d\u00e9lai indicatif)<\/p>\n<p><strong>Article 7 \u2013 Droit de r\u00e9tractation<\/strong> Conform\u00e9ment \u00e0 l&rsquo;article L221-18 du Code de la consommation, le Client dispose d&rsquo;un d\u00e9lai de 14 jours \u00e0 compter de la r\u00e9ception de la commande pour exercer son droit de r\u00e9tractation, sans avoir \u00e0 justifier de motifs ni \u00e0 payer de p\u00e9nalit\u00e9s. Les frais de retour sont \u00e0 la charge du Client.<\/p>\n<p><strong>Article 8 \u2013 Garantie et responsabilit\u00e9<\/strong> Tous les produits b\u00e9n\u00e9ficient de la garantie l\u00e9gale de conformit\u00e9 et de la garantie des vices cach\u00e9s pr\u00e9vues par les articles 1641 et suivants du Code civil. En cas de produit non conformes, le Client doit contacter le service client pour organiser un \u00e9change ou un remboursement.<\/p>\n<p><strong>Article 9 \u2013 Protection des donn\u00e9es personnelles<\/strong> Les informations collect\u00e9es sur le site sont n\u00e9cessaires pour le traitement des commandes. Elles sont trait\u00e9es conform\u00e9ment au R\u00e8glement G\u00e9n\u00e9ral sur la Protection des Donn\u00e9es (RGPD). Le Client dispose d&rsquo;un droit d&rsquo;acc\u00e8s, de rectification et de suppression de ses donn\u00e9es personnelles.<\/p>\n<p><strong>Article 10 \u2013 Litiges<\/strong> En cas de litige, une solution amiable sera recherch\u00e9e avant toute action judiciaire. \u00c0 d\u00e9faut, les tribunaux comp\u00e9tents seront ceux du ressort du domicile du vendeur.<\/p>\n<p><strong>Article 11 \u2013 Loi applicable<\/strong> Les pr\u00e9sentes CGV sont soumises au droit fran\u00e7ais. Toute commande implique l&rsquo;adh\u00e9sion pleine et enti\u00e8re du Client aux pr\u00e9sentes conditions.<\/p>\n<p><strong>Contact<\/strong><br>Pour toute question ou r\u00e9clamation, le service client est joignable \u00e0 l&rsquo;adresse email : <a>sacramon@yahoo.fr<\/a> ou au num\u00e9ro de t\u00e9l\u00e9phone : 07 49 97 03 89.<\/p>\t\t\t\t\t\t\t\t<\/div>\n\t\t\t\t<\/div>\n\t\t\t\t\t<\/div>\n\t\t\t\t<\/div>\n\t\t\t\t<\/div>\n\t\t","protected":false},"excerpt":{"rendered":"<p>Conditions G\u00e9n\u00e9rales de Vente (CGV) Pr\u00e9ambule Les pr\u00e9sentes conditions g\u00e9n\u00e9rales de vente (CGV) r\u00e9gissent les relations contractuelles entre : Responsable du site :&nbsp; Fr\u00e9d\u00e9ric Da Silva19 rue Vend\u00e9miaire11800 Tr\u00e8besT\u00e9l\u00e9phone : 07 49 97 03 89Email : sacramon@yahoo.frNum\u00e9ro SIRET : 531 419 208 00024Num\u00e9ro de TVA intracommunautaire : FR0C531419208 Site internet : www.icimonnaie.com et toute personne [&hellip;]<\/p>\n","protected":false},"author":1,"featured_media":0,"parent":0,"menu_order":0,"comment_status":"closed","ping_status":"closed","template":"","meta":{"ocean_post_layout":"","ocean_both_sidebars_style":"","ocean_both_sidebars_content_width":0,"ocean_both_sidebars_sidebars_width":0,"ocean_sidebar":"","ocean_second_sidebar":"","ocean_disable_margins":"enable","ocean_add_body_class":"","ocean_shortcode_before_top_bar":"","ocean_shortcode_after_top_bar":"","ocean_shortcode_before_header":"","ocean_shortcode_after_header":"","ocean_has_shortcode":"","ocean_shortcode_after_title":"","ocean_shortcode_before_footer_widgets":"","ocean_shortcode_after_footer_widgets":"","ocean_shortcode_before_footer_bottom":"","ocean_shortcode_after_footer_bottom":"","ocean_display_top_bar":"default","ocean_display_header":"default","ocean_header_style":"","ocean_center_header_left_menu":"","ocean_custom_header_template":"","ocean_custom_logo":0,"ocean_custom_retina_logo":0,"ocean_custom_logo_max_width":0,"ocean_custom_logo_tablet_max_width":0,"ocean_custom_logo_mobile_max_width":0,"ocean_custom_logo_max_height":0,"ocean_custom_logo_tablet_max_height":0,"ocean_custom_logo_mobile_max_height":0,"ocean_header_custom_menu":"","ocean_menu_typo_font_family":"","ocean_menu_typo_font_subset":"","ocean_menu_typo_font_size":0,"ocean_menu_typo_font_size_tablet":0,"ocean_menu_typo_font_size_mobile":0,"ocean_menu_typo_font_size_unit":"px","ocean_menu_typo_font_weight":"","ocean_menu_typo_font_weight_tablet":"","ocean_menu_typo_font_weight_mobile":"","ocean_menu_typo_transform":"","ocean_menu_typo_transform_tablet":"","ocean_menu_typo_transform_mobile":"","ocean_menu_typo_line_height":0,"ocean_menu_typo_line_height_tablet":0,"ocean_menu_typo_line_height_mobile":0,"ocean_menu_typo_line_height_unit":"","ocean_menu_typo_spacing":0,"ocean_menu_typo_spacing_tablet":0,"ocean_menu_typo_spacing_mobile":0,"ocean_menu_typo_spacing_unit":"","ocean_menu_link_color":"","ocean_menu_link_color_hover":"","ocean_menu_link_color_active":"","ocean_menu_link_background":"","ocean_menu_link_hover_background":"","ocean_menu_link_active_background":"","ocean_menu_social_links_bg":"","ocean_menu_social_hover_links_bg":"","ocean_menu_social_links_color":"","ocean_menu_social_hover_links_color":"","ocean_disable_title":"default","ocean_disable_heading":"default","ocean_post_title":"","ocean_post_subheading":"","ocean_post_title_style":"","ocean_post_title_background_color":"","ocean_post_title_background":0,"ocean_post_title_bg_image_position":"","ocean_post_title_bg_image_attachment":"","ocean_post_title_bg_image_repeat":"","ocean_post_title_bg_image_size":"","ocean_post_title_height":0,"ocean_post_title_bg_overlay":0.5,"ocean_post_title_bg_overlay_color":"","ocean_disable_breadcrumbs":"default","ocean_breadcrumbs_color":"","ocean_breadcrumbs_separator_color":"","ocean_breadcrumbs_links_color":"","ocean_breadcrumbs_links_hover_color":"","ocean_display_footer_widgets":"default","ocean_display_footer_bottom":"default","ocean_custom_footer_template":"","footnotes":""},"class_list":["post-320","page","type-page","status-publish","hentry","entry","owp-thumbs-layout-horizontal","owp-btn-normal","owp-tabs-layout-horizontal","has-no-thumbnails","has-product-nav"],"_links":{"self":[{"href":"https:\/\/icimonnaie.com\/index.php\/wp-json\/wp\/v2\/pages\/320","targetHints":{"allow":["GET"]}}],"collection":[{"href":"https:\/\/icimonnaie.com\/index.php\/wp-json\/wp\/v2\/pages"}],"about":[{"href":"https:\/\/icimonnaie.com\/index.php\/wp-json\/wp\/v2\/types\/page"}],"author":[{"embeddable":true,"href":"https:\/\/icimonnaie.com\/index.php\/wp-json\/wp\/v2\/users\/1"}],"replies":[{"embeddable":true,"href":"https:\/\/icimonnaie.com\/index.php\/wp-json\/wp\/v2\/comments?post=320"}],"version-history":[{"count":16,"href":"https:\/\/icimonnaie.com\/index.php\/wp-json\/wp\/v2\/pages\/320\/revisions"}],"predecessor-version":[{"id":350,"href":"https:\/\/icimonnaie.com\/index.php\/wp-json\/wp\/v2\/pages\/320\/revisions\/350"}],"wp:attachment":[{"href":"https:\/\/icimonnaie.com\/index.php\/wp-json\/wp\/v2\/media?parent=320"}],"curies":[{"name":"wp","href":"https:\/\/api.w.org\/{rel}","templated":true}]}}