{"id":125,"date":"2024-06-13T10:53:25","date_gmt":"2024-06-13T08:53:25","guid":{"rendered":"https:\/\/icimonnaie.com\/?page_id=125"},"modified":"2025-03-14T18:27:03","modified_gmt":"2025-03-14T17:27:03","slug":"accueil","status":"publish","type":"page","link":"https:\/\/icimonnaie.com\/","title":{"rendered":"Accueil"},"content":{"rendered":"\t\t<div data-elementor-type=\"wp-page\" data-elementor-id=\"125\" class=\"elementor elementor-125\">\n\t\t\t\t<div class=\"elementor-element elementor-element-f14b8eb e-con-full e-flex e-con e-parent\" data-id=\"f14b8eb\" data-element_type=\"container\" data-e-type=\"container\">\n\t\t<div class=\"elementor-element elementor-element-aee28b0 e-con-full e-flex e-con e-child\" data-id=\"aee28b0\" data-element_type=\"container\" data-e-type=\"container\">\n\t\t\t\t<div class=\"elementor-element elementor-element-7182cf6 elementor-widget elementor-widget-heading\" data-id=\"7182cf6\" data-element_type=\"widget\" data-e-type=\"widget\" data-widget_type=\"heading.default\">\n\t\t\t\t<div class=\"elementor-widget-container\">\n\t\t\t\t\t<h2 class=\"elementor-heading-title elementor-size-default\">Ici Monnaie : numismatique,<br>collection, investissement<\/h2>\t\t\t\t<\/div>\n\t\t\t\t<\/div>\n\t\t\t\t<div class=\"elementor-element elementor-element-181d18c elementor-widget elementor-widget-button\" data-id=\"181d18c\" data-element_type=\"widget\" data-e-type=\"widget\" data-widget_type=\"button.default\">\n\t\t\t\t<div class=\"elementor-widget-container\">\n\t\t\t\t\t\t\t\t\t<div class=\"elementor-button-wrapper\">\n\t\t\t\t\t<a class=\"elementor-button elementor-button-link elementor-size-sm\" href=\"https:\/\/icimonnaie.com\/index.php\/boutique\/\">\n\t\t\t\t\t\t<span class=\"elementor-button-content-wrapper\">\n\t\t\t\t\t\t\t\t\t<span class=\"elementor-button-text\">D\u00e9couvrir la boutique<\/span>\n\t\t\t\t\t<\/span>\n\t\t\t\t\t<\/a>\n\t\t\t\t<\/div>\n\t\t\t\t\t\t\t\t<\/div>\n\t\t\t\t<\/div>\n\t\t\t\t<\/div>\n\t\t\t\t<div class=\"elementor-element elementor-element-314ce98 elementor-widget elementor-widget-text-editor\" data-id=\"314ce98\" data-element_type=\"widget\" data-e-type=\"widget\" data-widget_type=\"text-editor.default\">\n\t\t\t\t<div class=\"elementor-widget-container\">\n\t\t\t\t\t\t\t\t\t<p>Bienvenue sur la boutique icimonnaie.com<\/p><p>D\u00e9couvrez une s\u00e9lection de monnaies anciennes<\/p><p>de l&rsquo;Antiquit\u00e9 \u00e0 nos jours !<\/p>\t\t\t\t\t\t\t\t<\/div>\n\t\t\t\t<\/div>\n\t\t\t\t<\/div>\n\t\t<div class=\"elementor-element elementor-element-4b1bd04 e-flex e-con-boxed e-con e-parent\" data-id=\"4b1bd04\" data-element_type=\"container\" data-e-type=\"container\">\n\t\t\t\t\t<div class=\"e-con-inner\">\n\t\t\t\t<div class=\"elementor-element elementor-element-f7695d2 elementor-widget elementor-widget-heading\" data-id=\"f7695d2\" data-element_type=\"widget\" data-e-type=\"widget\" data-widget_type=\"heading.default\">\n\t\t\t\t<div class=\"elementor-widget-container\">\n\t\t\t\t\t<h2 class=\"elementor-heading-title elementor-size-default\">Nouveaut\u00e9s<\/h2>\t\t\t\t<\/div>\n\t\t\t\t<\/div>\n\t\t\t\t<div class=\"elementor-element elementor-element-3a0581b elementor-widget elementor-widget-shortcode\" data-id=\"3a0581b\" data-element_type=\"widget\" data-e-type=\"widget\" data-widget_type=\"shortcode.default\">\n\t\t\t\t<div class=\"elementor-widget-container\">\n\t\t\t\t\t\t\t<div class=\"elementor-shortcode\"><div class=\"woocommerce columns-5 \">\r\n<ul class=\"products oceanwp-row clr grid\">\r\n<li class=\"entry has-product-nav col span_1_of_5 owp-content-center owp-thumbs-layout-horizontal owp-btn-normal owp-tabs-layout-horizontal product type-product post-309 status-publish first instock product_cat-monnaies-antiques product_cat-monnaies-romaines sold-individually shipping-taxable purchasable product-type-simple\">\n\t<div class=\"product-inner clr\"><div class=\"woo-entry-image clr\"><img decoding=\"async\" src=\"https:\/\/icimonnaie.com\/wp-content\/uploads\/woocommerce-placeholder-300x300.png\" alt=\"Image indicative\" class=\"woo-entry-image-main\" \/><\/div><ul class=\"woo-entry-inner clr\"><li class=\"image-wrap\"><div class=\"woo-entry-image clr\"><img decoding=\"async\" src=\"https:\/\/icimonnaie.com\/wp-content\/uploads\/woocommerce-placeholder-300x300.png\" alt=\"Image indicative\" class=\"woo-entry-image-main\" \/><\/div><\/li><li class=\"title\"><h2><a href=\"https:\/\/icimonnaie.com\/index.php\/produit\/follis-constantin-le-grand-revers-soli-invicto-atelier-de-lyon\/\">Follis Constantin le Grand Revers Soli Invicto Atelier de Lyon<\/a><\/h2><\/li><li class=\"price-wrap\">\n\t<span class=\"price\"><span class=\"woocommerce-Price-amount amount\"><bdi>35,00&nbsp;<span class=\"woocommerce-Price-currencySymbol\">&euro;<\/span><\/bdi><\/span><\/span>\n<\/li><li class=\"rating\"><\/li><\/ul><\/div><!-- .product-inner .clr --><\/li>\n<li class=\"entry has-product-nav col span_1_of_5 owp-content-center owp-thumbs-layout-horizontal owp-btn-normal owp-tabs-layout-horizontal product type-product post-306 status-publish instock product_cat-monnaies-antiques product_cat-monnaies-romaines sold-individually shipping-taxable purchasable product-type-simple\">\n\t<div class=\"product-inner clr\"><div class=\"woo-entry-image clr\"><img decoding=\"async\" src=\"https:\/\/icimonnaie.com\/wp-content\/uploads\/woocommerce-placeholder-300x300.png\" alt=\"Image indicative\" class=\"woo-entry-image-main\" \/><\/div><ul class=\"woo-entry-inner clr\"><li class=\"image-wrap\"><div class=\"woo-entry-image clr\"><img decoding=\"async\" src=\"https:\/\/icimonnaie.com\/wp-content\/uploads\/woocommerce-placeholder-300x300.png\" alt=\"Image indicative\" class=\"woo-entry-image-main\" \/><\/div><\/li><li class=\"title\"><h2><a href=\"https:\/\/icimonnaie.com\/index.php\/produit\/antoninien-daurelien-revers-fortune-assise-sur-une-roue\/\">Antoninien d&rsquo;Aurelien Revers Fortune assise sur une roue<\/a><\/h2><\/li><li class=\"price-wrap\">\n\t<span class=\"price\"><span class=\"woocommerce-Price-amount amount\"><bdi>48,00&nbsp;<span class=\"woocommerce-Price-currencySymbol\">&euro;<\/span><\/bdi><\/span><\/span>\n<\/li><li class=\"rating\"><\/li><\/ul><\/div><!-- .product-inner .clr --><\/li>\n<li class=\"entry has-media has-product-nav col span_1_of_5 owp-content-center owp-thumbs-layout-horizontal owp-btn-normal owp-tabs-layout-horizontal product type-product post-296 status-publish instock product_cat-monnaies-antiques product_cat-monnaies-gauloises has-post-thumbnail sold-individually shipping-taxable purchasable product-type-simple\">\n\t<div class=\"product-inner clr\">\r\n\t<div class=\"woo-entry-image-swap woo-entry-image clr\">\r\n\t\t<a href=\"https:\/\/icimonnaie.com\/index.php\/produit\/denier-en-argent-a-lhippocampe-monnaie-gauloise-peuple-des-allobroges-region-du-dauphine\/\" class=\"woocommerce-LoopProduct-link\"><img fetchpriority=\"high\" decoding=\"async\" width=\"300\" height=\"300\" src=\"https:\/\/icimonnaie.com\/wp-content\/uploads\/2025\/01\/IMG_20250121_084237-300x300.jpg\" class=\"woo-entry-image-main\" alt=\"Denier en Argent \u00e0 l&rsquo;hippocampe des Allobroges (R\u00e9gion du Dauphin\u00e9)\" itemprop=\"image\" srcset=\"https:\/\/icimonnaie.com\/wp-content\/uploads\/2025\/01\/IMG_20250121_084237-300x300.jpg 300w, https:\/\/icimonnaie.com\/wp-content\/uploads\/2025\/01\/IMG_20250121_084237-150x150.jpg 150w, https:\/\/icimonnaie.com\/wp-content\/uploads\/2025\/01\/IMG_20250121_084237-600x600.jpg 600w, https:\/\/icimonnaie.com\/wp-content\/uploads\/2025\/01\/IMG_20250121_084237-100x100.jpg 100w, https:\/\/icimonnaie.com\/wp-content\/uploads\/2025\/01\/IMG_20250121_084237.jpg 606w\" sizes=\"(max-width: 300px) 100vw, 300px\" \/><img decoding=\"async\" width=\"300\" height=\"300\" src=\"https:\/\/icimonnaie.com\/wp-content\/uploads\/2025\/01\/IMG_20250121_084246-300x300.jpg\" class=\"woo-entry-image-secondary\" alt=\"Denier en Argent \u00e0 l&rsquo;hippocampe des Allobroges (R\u00e9gion du Dauphin\u00e9)\" itemprop=\"image\" srcset=\"https:\/\/icimonnaie.com\/wp-content\/uploads\/2025\/01\/IMG_20250121_084246-300x300.jpg 300w, https:\/\/icimonnaie.com\/wp-content\/uploads\/2025\/01\/IMG_20250121_084246-150x150.jpg 150w, https:\/\/icimonnaie.com\/wp-content\/uploads\/2025\/01\/IMG_20250121_084246-600x600.jpg 600w, https:\/\/icimonnaie.com\/wp-content\/uploads\/2025\/01\/IMG_20250121_084246-100x100.jpg 100w, https:\/\/icimonnaie.com\/wp-content\/uploads\/2025\/01\/IMG_20250121_084246.jpg 611w\" sizes=\"(max-width: 300px) 100vw, 300px\" \/><\/a><a href=\"#\" id=\"product_id_296\" class=\"owp-quick-view\" data-product_id=\"296\" aria-label=\"Pr\u00e9visualiser rapidement le produit Denier en Argent \u00e0 l'hippocampe des Allobroges (R\u00e9gion du Dauphin\u00e9)\"><i class=\" icon-eye\" aria-hidden=\"true\" role=\"img\"><\/i> Vue rapide<\/a>\t<\/div><!-- .woo-entry-image-swap -->\r\n\r\n<ul class=\"woo-entry-inner clr\"><li class=\"image-wrap\">\r\n\t<div class=\"woo-entry-image-swap woo-entry-image clr\">\r\n\t\t<a href=\"https:\/\/icimonnaie.com\/index.php\/produit\/denier-en-argent-a-lhippocampe-monnaie-gauloise-peuple-des-allobroges-region-du-dauphine\/\" class=\"woocommerce-LoopProduct-link\"><img fetchpriority=\"high\" decoding=\"async\" width=\"300\" height=\"300\" src=\"https:\/\/icimonnaie.com\/wp-content\/uploads\/2025\/01\/IMG_20250121_084237-300x300.jpg\" class=\"woo-entry-image-main\" alt=\"Denier en Argent \u00e0 l&rsquo;hippocampe des Allobroges (R\u00e9gion du Dauphin\u00e9)\" itemprop=\"image\" srcset=\"https:\/\/icimonnaie.com\/wp-content\/uploads\/2025\/01\/IMG_20250121_084237-300x300.jpg 300w, https:\/\/icimonnaie.com\/wp-content\/uploads\/2025\/01\/IMG_20250121_084237-150x150.jpg 150w, https:\/\/icimonnaie.com\/wp-content\/uploads\/2025\/01\/IMG_20250121_084237-600x600.jpg 600w, https:\/\/icimonnaie.com\/wp-content\/uploads\/2025\/01\/IMG_20250121_084237-100x100.jpg 100w, https:\/\/icimonnaie.com\/wp-content\/uploads\/2025\/01\/IMG_20250121_084237.jpg 606w\" sizes=\"(max-width: 300px) 100vw, 300px\" \/><img decoding=\"async\" width=\"300\" height=\"300\" src=\"https:\/\/icimonnaie.com\/wp-content\/uploads\/2025\/01\/IMG_20250121_084246-300x300.jpg\" class=\"woo-entry-image-secondary\" alt=\"Denier en Argent \u00e0 l&rsquo;hippocampe des Allobroges (R\u00e9gion du Dauphin\u00e9)\" itemprop=\"image\" srcset=\"https:\/\/icimonnaie.com\/wp-content\/uploads\/2025\/01\/IMG_20250121_084246-300x300.jpg 300w, https:\/\/icimonnaie.com\/wp-content\/uploads\/2025\/01\/IMG_20250121_084246-150x150.jpg 150w, https:\/\/icimonnaie.com\/wp-content\/uploads\/2025\/01\/IMG_20250121_084246-600x600.jpg 600w, https:\/\/icimonnaie.com\/wp-content\/uploads\/2025\/01\/IMG_20250121_084246-100x100.jpg 100w, https:\/\/icimonnaie.com\/wp-content\/uploads\/2025\/01\/IMG_20250121_084246.jpg 611w\" sizes=\"(max-width: 300px) 100vw, 300px\" \/><\/a><a href=\"#\" id=\"product_id_296\" class=\"owp-quick-view\" data-product_id=\"296\" aria-label=\"Pr\u00e9visualiser rapidement le produit Denier en Argent \u00e0 l'hippocampe des Allobroges (R\u00e9gion du Dauphin\u00e9)\"><i class=\" icon-eye\" aria-hidden=\"true\" role=\"img\"><\/i> Vue rapide<\/a>\t<\/div><!-- .woo-entry-image-swap -->\r\n\r\n<\/li><li class=\"title\"><h2><a href=\"https:\/\/icimonnaie.com\/index.php\/produit\/denier-en-argent-a-lhippocampe-monnaie-gauloise-peuple-des-allobroges-region-du-dauphine\/\">Denier en Argent \u00e0 l&rsquo;hippocampe des Allobroges (R\u00e9gion du Dauphin\u00e9)<\/a><\/h2><\/li><li class=\"price-wrap\">\n\t<span class=\"price\"><span class=\"woocommerce-Price-amount amount\"><bdi>55,00&nbsp;<span class=\"woocommerce-Price-currencySymbol\">&euro;<\/span><\/bdi><\/span><\/span>\n<\/li><li class=\"rating\"><\/li><\/ul><\/div><!-- .product-inner .clr --><\/li>\n<\/ul>\n<\/div><\/div>\n\t\t\t\t\t\t<\/div>\n\t\t\t\t<\/div>\n\t\t\t\t\t<\/div>\n\t\t\t\t<\/div>\n\t\t\t\t<\/div>\n\t\t","protected":false},"excerpt":{"rendered":"<p>Ici Monnaie : numismatique,collection, investissement D\u00e9couvrir la boutique Bienvenue sur la boutique icimonnaie.com D\u00e9couvrez une s\u00e9lection de monnaies anciennes de l&rsquo;Antiquit\u00e9 \u00e0 nos jours ! Nouveaut\u00e9s<\/p>\n","protected":false},"author":1,"featured_media":0,"parent":0,"menu_order":0,"comment_status":"closed","ping_status":"closed","template":"","meta":{"ocean_post_layout":"","ocean_both_sidebars_style":"","ocean_both_sidebars_content_width":0,"ocean_both_sidebars_sidebars_width":0,"ocean_sidebar":"","ocean_second_sidebar":"","ocean_disable_margins":"enable","ocean_add_body_class":"","ocean_shortcode_before_top_bar":"","ocean_shortcode_after_top_bar":"","ocean_shortcode_before_header":"","ocean_shortcode_after_header":"","ocean_has_shortcode":"","ocean_shortcode_after_title":"","ocean_shortcode_before_footer_widgets":"","ocean_shortcode_after_footer_widgets":"","ocean_shortcode_before_footer_bottom":"","ocean_shortcode_after_footer_bottom":"","ocean_display_top_bar":"default","ocean_display_header":"default","ocean_header_style":"","ocean_center_header_left_menu":"","ocean_custom_header_template":"","ocean_custom_logo":0,"ocean_custom_retina_logo":0,"ocean_custom_logo_max_width":0,"ocean_custom_logo_tablet_max_width":0,"ocean_custom_logo_mobile_max_width":0,"ocean_custom_logo_max_height":0,"ocean_custom_logo_tablet_max_height":0,"ocean_custom_logo_mobile_max_height":0,"ocean_header_custom_menu":"","ocean_menu_typo_font_family":"","ocean_menu_typo_font_subset":"","ocean_menu_typo_font_size":0,"ocean_menu_typo_font_size_tablet":0,"ocean_menu_typo_font_size_mobile":0,"ocean_menu_typo_font_size_unit":"px","ocean_menu_typo_font_weight":"","ocean_menu_typo_font_weight_tablet":"","ocean_menu_typo_font_weight_mobile":"","ocean_menu_typo_transform":"","ocean_menu_typo_transform_tablet":"","ocean_menu_typo_transform_mobile":"","ocean_menu_typo_line_height":0,"ocean_menu_typo_line_height_tablet":0,"ocean_menu_typo_line_height_mobile":0,"ocean_menu_typo_line_height_unit":"","ocean_menu_typo_spacing":0,"ocean_menu_typo_spacing_tablet":0,"ocean_menu_typo_spacing_mobile":0,"ocean_menu_typo_spacing_unit":"","ocean_menu_link_color":"","ocean_menu_link_color_hover":"","ocean_menu_link_color_active":"","ocean_menu_link_background":"","ocean_menu_link_hover_background":"","ocean_menu_link_active_background":"","ocean_menu_social_links_bg":"","ocean_menu_social_hover_links_bg":"","ocean_menu_social_links_color":"","ocean_menu_social_hover_links_color":"","ocean_disable_title":"on","ocean_disable_heading":"default","ocean_post_title":"","ocean_post_subheading":"","ocean_post_title_style":"","ocean_post_title_background_color":"","ocean_post_title_background":0,"ocean_post_title_bg_image_position":"","ocean_post_title_bg_image_attachment":"","ocean_post_title_bg_image_repeat":"","ocean_post_title_bg_image_size":"","ocean_post_title_height":0,"ocean_post_title_bg_overlay":0.5,"ocean_post_title_bg_overlay_color":"","ocean_disable_breadcrumbs":"default","ocean_breadcrumbs_color":"","ocean_breadcrumbs_separator_color":"","ocean_breadcrumbs_links_color":"","ocean_breadcrumbs_links_hover_color":"","ocean_display_footer_widgets":"default","ocean_display_footer_bottom":"default","ocean_custom_footer_template":"","footnotes":""},"class_list":["post-125","page","type-page","status-publish","hentry","entry","owp-thumbs-layout-horizontal","owp-btn-normal","owp-tabs-layout-horizontal","has-no-thumbnails","has-product-nav"],"_links":{"self":[{"href":"https:\/\/icimonnaie.com\/index.php\/wp-json\/wp\/v2\/pages\/125","targetHints":{"allow":["GET"]}}],"collection":[{"href":"https:\/\/icimonnaie.com\/index.php\/wp-json\/wp\/v2\/pages"}],"about":[{"href":"https:\/\/icimonnaie.com\/index.php\/wp-json\/wp\/v2\/types\/page"}],"author":[{"embeddable":true,"href":"https:\/\/icimonnaie.com\/index.php\/wp-json\/wp\/v2\/users\/1"}],"replies":[{"embeddable":true,"href":"https:\/\/icimonnaie.com\/index.php\/wp-json\/wp\/v2\/comments?post=125"}],"version-history":[{"count":74,"href":"https:\/\/icimonnaie.com\/index.php\/wp-json\/wp\/v2\/pages\/125\/revisions"}],"predecessor-version":[{"id":489,"href":"https:\/\/icimonnaie.com\/index.php\/wp-json\/wp\/v2\/pages\/125\/revisions\/489"}],"wp:attachment":[{"href":"https:\/\/icimonnaie.com\/index.php\/wp-json\/wp\/v2\/media?parent=125"}],"curies":[{"name":"wp","href":"https:\/\/api.w.org\/{rel}","templated":true}]}}